{"id":155,"date":"2025-11-02T15:52:26","date_gmt":"2025-11-02T15:52:26","guid":{"rendered":"https:\/\/dynamicare.crehacktive.be\/?page_id=155"},"modified":"2025-12-05T08:03:15","modified_gmt":"2025-12-05T08:03:15","slug":"contact","status":"publish","type":"page","link":"https:\/\/www.dynamicare.be\/nl\/contact\/","title":{"rendered":"Contact"},"content":{"rendered":"\t\t<div data-elementor-type=\"wp-page\" data-elementor-id=\"155\" class=\"elementor elementor-155\" data-elementor-post-type=\"page\">\n\t\t\t\t\t\t<section class=\"elementor-section elementor-top-section elementor-element elementor-element-7b1ae147 elementor-section-height-min-height elementor-section-boxed elementor-section-height-default elementor-section-items-middle\" data-id=\"7b1ae147\" data-element_type=\"section\" data-settings=\"{&quot;background_background&quot;:&quot;classic&quot;}\">\n\t\t\t\t\t\t\t<div class=\"elementor-background-overlay\"><\/div>\n\t\t\t\t\t\t\t<div class=\"elementor-container elementor-column-gap-default\">\n\t\t\t\t\t<div class=\"elementor-column elementor-col-100 elementor-top-column elementor-element elementor-element-6f339393 ot-flex-column-vertical\" data-id=\"6f339393\" data-element_type=\"column\">\n\t\t\t<div class=\"elementor-widget-wrap\">\n\t\t\t\t\t\t\t<\/div>\n\t\t<\/div>\n\t\t\t\t\t<\/div>\n\t\t<\/section>\n\t\t\t\t<section class=\"elementor-section elementor-top-section elementor-element elementor-element-569e22ab elementor-section-boxed elementor-section-height-default elementor-section-height-default\" data-id=\"569e22ab\" data-element_type=\"section\">\n\t\t\t\t\t\t<div class=\"elementor-container elementor-column-gap-default\">\n\t\t\t\t\t<div class=\"elementor-column elementor-col-25 elementor-top-column elementor-element elementor-element-14d35cfd ot-flex-column-vertical\" data-id=\"14d35cfd\" data-element_type=\"column\" data-settings=\"{&quot;background_background&quot;:&quot;classic&quot;}\">\n\t\t\t<div class=\"elementor-widget-wrap elementor-element-populated\">\n\t\t\t\t\t\t<div class=\"elementor-element elementor-element-73ad39d8 elementor-position-top elementor-widget elementor-widget-image-box\" data-id=\"73ad39d8\" data-element_type=\"widget\" data-widget_type=\"image-box.default\">\n\t\t\t\t\t<div class=\"elementor-image-box-wrapper\"><figure class=\"elementor-image-box-img\"><a href=\"mailto:contact@dynamicare.be\" tabindex=\"-1\"><img fetchpriority=\"high\" decoding=\"async\" width=\"512\" height=\"512\" src=\"https:\/\/www.dynamicare.be\/nl\/wp-content\/uploads\/2025\/11\/enveloppe.png\" class=\"attachment-full size-full wp-image-159\" alt=\"\" srcset=\"https:\/\/www.dynamicare.be\/nl\/wp-content\/uploads\/2025\/11\/enveloppe.png 512w, https:\/\/www.dynamicare.be\/nl\/wp-content\/uploads\/2025\/11\/enveloppe-300x300.png 300w, https:\/\/www.dynamicare.be\/nl\/wp-content\/uploads\/2025\/11\/enveloppe-150x150.png 150w\" sizes=\"(max-width: 512px) 100vw, 512px\" \/><\/a><\/figure><div class=\"elementor-image-box-content\"><h3 class=\"elementor-image-box-title\"><a href=\"mailto:contact@dynamicare.be\">contact@dynamicare.be<\/a><\/h3><\/div><\/div>\t\t\t\t<\/div>\n\t\t\t\t\t<\/div>\n\t\t<\/div>\n\t\t\t\t<div class=\"elementor-column elementor-col-25 elementor-top-column elementor-element elementor-element-1486597 ot-flex-column-vertical\" data-id=\"1486597\" data-element_type=\"column\" data-settings=\"{&quot;background_background&quot;:&quot;classic&quot;}\">\n\t\t\t<div class=\"elementor-widget-wrap elementor-element-populated\">\n\t\t\t\t\t\t<div class=\"elementor-element elementor-element-508749ec elementor-position-top elementor-widget elementor-widget-image-box\" data-id=\"508749ec\" data-element_type=\"widget\" data-widget_type=\"image-box.default\">\n\t\t\t\t\t<div class=\"elementor-image-box-wrapper\"><figure class=\"elementor-image-box-img\"><a href=\"tel:%20+3242833086\" tabindex=\"-1\"><img decoding=\"async\" width=\"512\" height=\"512\" src=\"https:\/\/www.dynamicare.be\/nl\/wp-content\/uploads\/2025\/11\/appel-1.png\" class=\"attachment-full size-full wp-image-160\" alt=\"\" srcset=\"https:\/\/www.dynamicare.be\/nl\/wp-content\/uploads\/2025\/11\/appel-1.png 512w, https:\/\/www.dynamicare.be\/nl\/wp-content\/uploads\/2025\/11\/appel-1-300x300.png 300w, https:\/\/www.dynamicare.be\/nl\/wp-content\/uploads\/2025\/11\/appel-1-150x150.png 150w\" sizes=\"(max-width: 512px) 100vw, 512px\" \/><\/a><\/figure><div class=\"elementor-image-box-content\"><h3 class=\"elementor-image-box-title\"><a href=\"tel:%20+3242833086\">+32 4 283 30 86<\/a><\/h3><\/div><\/div>\t\t\t\t<\/div>\n\t\t\t\t\t<\/div>\n\t\t<\/div>\n\t\t\t\t<div class=\"elementor-column elementor-col-25 elementor-top-column elementor-element elementor-element-6bef6c22 ot-flex-column-vertical\" data-id=\"6bef6c22\" data-element_type=\"column\" data-settings=\"{&quot;background_background&quot;:&quot;classic&quot;}\">\n\t\t\t<div class=\"elementor-widget-wrap elementor-element-populated\">\n\t\t\t\t\t\t<div class=\"elementor-element elementor-element-5875ed5e elementor-position-top elementor-widget elementor-widget-image-box\" data-id=\"5875ed5e\" data-element_type=\"widget\" data-widget_type=\"image-box.default\">\n\t\t\t\t\t<div class=\"elementor-image-box-wrapper\"><figure class=\"elementor-image-box-img\"><a href=\"https:\/\/www.google.com\/maps\/place\/Dynamicare\/@50.7193329,5.3713525,17z\/data=!4m6!3m5!1s0x47c10385e25e1fff:0xc03292d830edbb6a!8m2!3d50.7193329!4d5.3739328!16s%2Fg%2F11lf6fzgms?entry=ttu&#038;g_ep=EgoyMDI1MTEwNC4xIKXMDSoASAFQAw%3D%3D\" target=\"_blank\" rel=\"nofollow\" tabindex=\"-1\"><img decoding=\"async\" width=\"512\" height=\"512\" src=\"https:\/\/www.dynamicare.be\/nl\/wp-content\/uploads\/2025\/11\/espace-reserve-1.png\" class=\"attachment-full size-full wp-image-161\" alt=\"\" srcset=\"https:\/\/www.dynamicare.be\/nl\/wp-content\/uploads\/2025\/11\/espace-reserve-1.png 512w, https:\/\/www.dynamicare.be\/nl\/wp-content\/uploads\/2025\/11\/espace-reserve-1-300x300.png 300w, https:\/\/www.dynamicare.be\/nl\/wp-content\/uploads\/2025\/11\/espace-reserve-1-150x150.png 150w\" sizes=\"(max-width: 512px) 100vw, 512px\" \/><\/a><\/figure><div class=\"elementor-image-box-content\"><h3 class=\"elementor-image-box-title\"><a href=\"https:\/\/www.google.com\/maps\/place\/Dynamicare\/@50.7193329,5.3713525,17z\/data=!4m6!3m5!1s0x47c10385e25e1fff:0xc03292d830edbb6a!8m2!3d50.7193329!4d5.3739328!16s%2Fg%2F11lf6fzgms?entry=ttu&#038;g_ep=EgoyMDI1MTEwNC4xIKXMDSoASAFQAw%3D%3D\" target=\"_blank\" rel=\"nofollow\"> Grand-route 154 A 4367 Crisn\u00e9e<\/a><\/h3><\/div><\/div>\t\t\t\t<\/div>\n\t\t\t\t\t<\/div>\n\t\t<\/div>\n\t\t\t\t<div class=\"elementor-column elementor-col-25 elementor-top-column elementor-element elementor-element-51d1bea7 ot-flex-column-vertical\" data-id=\"51d1bea7\" data-element_type=\"column\" data-settings=\"{&quot;background_background&quot;:&quot;gradient&quot;}\">\n\t\t\t<div class=\"elementor-widget-wrap elementor-element-populated\">\n\t\t\t\t\t\t<div class=\"elementor-element elementor-element-2b86f0b elementor-position-top elementor-widget elementor-widget-image-box\" data-id=\"2b86f0b\" data-element_type=\"widget\" data-widget_type=\"image-box.default\">\n\t\t\t\t\t<div class=\"elementor-image-box-wrapper\"><figure class=\"elementor-image-box-img\"><img loading=\"lazy\" decoding=\"async\" width=\"512\" height=\"512\" src=\"https:\/\/www.dynamicare.be\/nl\/wp-content\/uploads\/2025\/11\/discussion.png\" class=\"attachment-full size-full wp-image-162\" alt=\"\" srcset=\"https:\/\/www.dynamicare.be\/nl\/wp-content\/uploads\/2025\/11\/discussion.png 512w, https:\/\/www.dynamicare.be\/nl\/wp-content\/uploads\/2025\/11\/discussion-300x300.png 300w, https:\/\/www.dynamicare.be\/nl\/wp-content\/uploads\/2025\/11\/discussion-150x150.png 150w\" sizes=\"(max-width: 512px) 100vw, 512px\" \/><\/figure><div class=\"elementor-image-box-content\"><h3 class=\"elementor-image-box-title\">Laten we afspreken!<\/h3><\/div><\/div>\t\t\t\t<\/div>\n\t\t\t\t\t<\/div>\n\t\t<\/div>\n\t\t\t\t\t<\/div>\n\t\t<\/section>\n\t\t\t\t<section class=\"elementor-section elementor-top-section elementor-element elementor-element-762076cc elementor-section-boxed elementor-section-height-default elementor-section-height-default\" data-id=\"762076cc\" data-element_type=\"section\">\n\t\t\t\t\t\t<div class=\"elementor-container elementor-column-gap-default\">\n\t\t\t\t\t<div class=\"elementor-column elementor-col-100 elementor-top-column elementor-element elementor-element-6ef7a224 ot-flex-column-vertical\" data-id=\"6ef7a224\" data-element_type=\"column\">\n\t\t\t<div class=\"elementor-widget-wrap elementor-element-populated\">\n\t\t\t\t\t\t<div class=\"elementor-element elementor-element-23fffb5 elementor-widget elementor-widget-heading\" data-id=\"23fffb5\" data-element_type=\"widget\" data-widget_type=\"heading.default\">\n\t\t\t\t\t<h2 class=\"elementor-heading-title elementor-size-default\">Een vraag? Een project?<\/h2>\t\t\t\t<\/div>\n\t\t\t\t<div class=\"elementor-element elementor-element-399edf9c elementor-button-align-stretch elementor-widget elementor-widget-form\" data-id=\"399edf9c\" data-element_type=\"widget\" data-settings=\"{&quot;button_width&quot;:&quot;30&quot;,&quot;step_next_label&quot;:&quot;Next&quot;,&quot;step_previous_label&quot;:&quot;Previous&quot;,&quot;step_type&quot;:&quot;number_text&quot;,&quot;step_icon_shape&quot;:&quot;circle&quot;}\" data-widget_type=\"form.default\">\n\t\t\t\t<div class=\"elementor-widget-container\">\n\t\t\t\t\t\t\t<form class=\"elementor-form\" method=\"post\" name=\"New Form\">\n\t\t\t<input type=\"hidden\" name=\"post_id\" value=\"155\"\/>\n\t\t\t<input type=\"hidden\" name=\"form_id\" value=\"399edf9c\"\/>\n\t\t\t<input type=\"hidden\" name=\"referer_title\" value=\"\" \/>\n\n\t\t\t\n\t\t\t<div class=\"elementor-form-fields-wrapper elementor-labels-\">\n\t\t\t\t\t\t\t\t<div class=\"elementor-field-type-text elementor-field-group elementor-column elementor-field-group-field_730490c elementor-col-100 elementor-field-required\">\n\t\t\t\t\t\t\t\t\t\t\t\t<label for=\"form-field-field_730490c\" class=\"elementor-field-label elementor-screen-only\">\n\t\t\t\t\t\t\t\tNom \t\t\t\t\t\t\t<\/label>\n\t\t\t\t\t\t\t\t\t\t\t\t\t\t<input size=\"1\" type=\"text\" name=\"form_fields[field_730490c]\" id=\"form-field-field_730490c\" class=\"elementor-field elementor-size-sm  elementor-field-textual\" placeholder=\"Wie ben je?\" required=\"required\" aria-required=\"true\">\n\t\t\t\t\t\t\t\t\t\t\t<\/div>\n\t\t\t\t\t\t\t\t<div class=\"elementor-field-type-tel elementor-field-group elementor-column elementor-field-group-email elementor-col-100 elementor-field-required\">\n\t\t\t\t\t\t\t\t\t\t\t\t<label for=\"form-field-email\" class=\"elementor-field-label elementor-screen-only\">\n\t\t\t\t\t\t\t\tVotre num\u00e9ro de t\u00e9l\u00e9phone \t\t\t\t\t\t\t<\/label>\n\t\t\t\t\t\t\t\t<input size=\"1\" type=\"tel\" name=\"form_fields[email]\" id=\"form-field-email\" class=\"elementor-field elementor-size-sm  elementor-field-textual\" placeholder=\"Jouw telefoonnummer\" required=\"required\" aria-required=\"true\" pattern=\"[0-9()#&amp;+*-=.]+\" title=\"Seuls les caract\u00e8res de num\u00e9ros de t\u00e9l\u00e9phone (#, -, *, etc.) sont accept\u00e9s.\">\n\n\t\t\t\t\t\t<\/div>\n\t\t\t\t\t\t\t\t<div class=\"elementor-field-type-email elementor-field-group elementor-column elementor-field-group-field_19793ae elementor-col-100 elementor-field-required\">\n\t\t\t\t\t\t\t\t\t\t\t\t<label for=\"form-field-field_19793ae\" class=\"elementor-field-label elementor-screen-only\">\n\t\t\t\t\t\t\t\tVotre adresse email \t\t\t\t\t\t\t<\/label>\n\t\t\t\t\t\t\t\t\t\t\t\t\t\t<input size=\"1\" type=\"email\" name=\"form_fields[field_19793ae]\" id=\"form-field-field_19793ae\" class=\"elementor-field elementor-size-sm  elementor-field-textual\" placeholder=\"Jouw e-mailadres\" required=\"required\" aria-required=\"true\">\n\t\t\t\t\t\t\t\t\t\t\t<\/div>\n\t\t\t\t\t\t\t\t<div class=\"elementor-field-type-textarea elementor-field-group elementor-column elementor-field-group-field_62570f5 elementor-col-100 elementor-field-required\">\n\t\t\t\t\t<textarea class=\"elementor-field-textual elementor-field  elementor-size-sm\" name=\"form_fields[field_62570f5]\" id=\"form-field-field_62570f5\" rows=\"4\" placeholder=\"Hoe kunnen we je helpen?\" required=\"required\" aria-required=\"true\"><\/textarea>\t\t\t\t<\/div>\n\t\t\t\t\t\t\t\t<div class=\"elementor-field-type-recaptcha_v3 elementor-field-group elementor-column elementor-field-group-field_8655642 elementor-col-100 recaptcha_v3-inline\">\n\t\t\t\t\t<div class=\"elementor-field\" id=\"form-field-field_8655642\"><\/div>\t\t\t\t<\/div>\n\t\t\t\t\t\t\t\t<div class=\"elementor-field-group elementor-column elementor-field-type-submit elementor-col-30 e-form__buttons\">\n\t\t\t\t\t<button class=\"elementor-button elementor-size-sm\" type=\"submit\">\n\t\t\t\t\t\t<span class=\"elementor-button-content-wrapper\">\n\t\t\t\t\t\t\t\t\t\t\t\t\t\t\t\t\t\t\t\t\t\t<span class=\"elementor-button-text\">Verzenden<\/span>\n\t\t\t\t\t\t\t\t\t\t\t\t\t<\/span>\n\t\t\t\t\t<\/button>\n\t\t\t\t<\/div>\n\t\t\t<\/div>\n\t\t<\/form>\n\t\t\t\t\t\t<\/div>\n\t\t\t\t<\/div>\n\t\t\t\t\t<\/div>\n\t\t<\/div>\n\t\t\t\t\t<\/div>\n\t\t<\/section>\n\t\t\t\t<section class=\"elementor-section elementor-top-section elementor-element elementor-element-b9da664 elementor-section-boxed elementor-section-height-default elementor-section-height-default\" data-id=\"b9da664\" data-element_type=\"section\" data-settings=\"{&quot;background_background&quot;:&quot;classic&quot;}\">\n\t\t\t\t\t\t\t<div class=\"elementor-background-overlay\"><\/div>\n\t\t\t\t\t\t\t<div class=\"elementor-container elementor-column-gap-default\">\n\t\t\t\t\t<div class=\"elementor-column elementor-col-100 elementor-top-column elementor-element elementor-element-a017a26 ot-flex-column-vertical\" data-id=\"a017a26\" data-element_type=\"column\">\n\t\t\t<div class=\"elementor-widget-wrap elementor-element-populated\">\n\t\t\t\t\t\t<div class=\"elementor-element elementor-element-b10cc35 elementor-widget elementor-widget-spacer\" data-id=\"b10cc35\" data-element_type=\"widget\" data-widget_type=\"spacer.default\">\n\t\t\t\t\t\t\t<div class=\"elementor-spacer\">\n\t\t\t<div class=\"elementor-spacer-inner\"><\/div>\n\t\t<\/div>\n\t\t\t\t\t\t<\/div>\n\t\t\t\t<div class=\"elementor-element elementor-element-11c63a0 elementor-widget__width-initial elementor-widget elementor-widget-heading\" data-id=\"11c63a0\" data-element_type=\"widget\" data-widget_type=\"heading.default\">\n\t\t\t\t\t<h2 class=\"elementor-heading-title elementor-size-default\">Ontmoet ons\ntijdens onze evenementen!<\/h2>\t\t\t\t<\/div>\n\t\t\t\t<div class=\"elementor-element elementor-element-ae313a1 elementor-widget elementor-widget-button\" data-id=\"ae313a1\" data-element_type=\"widget\" data-widget_type=\"button.default\">\n\t\t\t\t\t\t\t\t\t\t<a class=\"elementor-button elementor-button-link elementor-size-sm\" href=\"https:\/\/www.eventbrite.fr\/\">\n\t\t\t\t\t\t<span class=\"elementor-button-content-wrapper\">\n\t\t\t\t\t\t\t\t\t<span class=\"elementor-button-text\">Meer weten<\/span>\n\t\t\t\t\t<\/span>\n\t\t\t\t\t<\/a>\n\t\t\t\t\t\t\t\t<\/div>\n\t\t\t\t<div class=\"elementor-element elementor-element-2e698b2 elementor-widget elementor-widget-spacer\" data-id=\"2e698b2\" data-element_type=\"widget\" data-widget_type=\"spacer.default\">\n\t\t\t\t\t\t\t<div class=\"elementor-spacer\">\n\t\t\t<div class=\"elementor-spacer-inner\"><\/div>\n\t\t<\/div>\n\t\t\t\t\t\t<\/div>\n\t\t\t\t\t<\/div>\n\t\t<\/div>\n\t\t\t\t\t<\/div>\n\t\t<\/section>\n\t\t\t\t<section class=\"elementor-section elementor-top-section elementor-element elementor-element-98dd32e elementor-section-boxed elementor-section-height-default elementor-section-height-default\" data-id=\"98dd32e\" data-element_type=\"section\" data-settings=\"{&quot;background_background&quot;:&quot;classic&quot;}\">\n\t\t\t\t\t\t<div class=\"elementor-container elementor-column-gap-default\">\n\t\t\t\t\t<div class=\"elementor-column elementor-col-100 elementor-top-column elementor-element elementor-element-2510e6f ot-flex-column-vertical\" data-id=\"2510e6f\" data-element_type=\"column\">\n\t\t\t<div class=\"elementor-widget-wrap elementor-element-populated\">\n\t\t\t\t\t\t<section class=\"elementor-section elementor-inner-section elementor-element elementor-element-f48e689 elementor-section-boxed elementor-section-height-default elementor-section-height-default\" data-id=\"f48e689\" data-element_type=\"section\">\n\t\t\t\t\t\t<div class=\"elementor-container elementor-column-gap-default\">\n\t\t\t\t\t<div class=\"elementor-column elementor-col-25 elementor-inner-column elementor-element elementor-element-1cb3859 ot-flex-column-vertical\" data-id=\"1cb3859\" data-element_type=\"column\">\n\t\t\t<div class=\"elementor-widget-wrap elementor-element-populated\">\n\t\t\t\t\t\t<div class=\"elementor-element elementor-element-afd4ac8 elementor-widget elementor-widget-image\" data-id=\"afd4ac8\" data-element_type=\"widget\" data-widget_type=\"image.default\">\n\t\t\t\t\t\t\t\t\t\t\t\t\t\t\t<img loading=\"lazy\" decoding=\"async\" width=\"1024\" height=\"1024\" src=\"https:\/\/www.dynamicare.be\/nl\/wp-content\/uploads\/2025\/10\/dn-1024x1024.png\" class=\"attachment-large size-large wp-image-75\" alt=\"\" srcset=\"https:\/\/www.dynamicare.be\/nl\/wp-content\/uploads\/2025\/10\/dn-1024x1024.png 1024w, https:\/\/www.dynamicare.be\/nl\/wp-content\/uploads\/2025\/10\/dn-300x300.png 300w, https:\/\/www.dynamicare.be\/nl\/wp-content\/uploads\/2025\/10\/dn-150x150.png 150w, https:\/\/www.dynamicare.be\/nl\/wp-content\/uploads\/2025\/10\/dn-768x768.png 768w, https:\/\/www.dynamicare.be\/nl\/wp-content\/uploads\/2025\/10\/dn-1536x1536.png 1536w, https:\/\/www.dynamicare.be\/nl\/wp-content\/uploads\/2025\/10\/dn-600x600.png 600w, https:\/\/www.dynamicare.be\/nl\/wp-content\/uploads\/2025\/10\/dn-1200x1200.png 1200w, https:\/\/www.dynamicare.be\/nl\/wp-content\/uploads\/2025\/10\/dn.png 1563w\" sizes=\"(max-width: 1024px) 100vw, 1024px\" \/>\t\t\t\t\t\t\t\t\t\t\t\t\t\t\t<\/div>\n\t\t\t\t<div class=\"elementor-element elementor-element-cc8210f elementor-widget__width-initial elementor-widget elementor-widget-text-editor\" data-id=\"cc8210f\" data-element_type=\"widget\" data-widget_type=\"text-editor.default\">\n\t\t\t\t\t\t\t\t\tDynamicare is een innovatief platform voor het vereenvoudigd beheren van opdrachten voor professionals in de gezondheidszorg. Door beheer en facturatie te centraliseren, stelt Dynamicare zorgverleners in staat zich volledig te concentreren op hun werk en de kwaliteit van de zorg.\t\t\t\t\t\t\t\t<\/div>\n\t\t\t\t\t<\/div>\n\t\t<\/div>\n\t\t\t\t<div class=\"elementor-column elementor-col-25 elementor-inner-column elementor-element elementor-element-613e200 ot-flex-column-vertical\" data-id=\"613e200\" data-element_type=\"column\">\n\t\t\t<div class=\"elementor-widget-wrap elementor-element-populated\">\n\t\t\t\t\t\t<div class=\"elementor-element elementor-element-b141426 elementor-widget elementor-widget-text-editor\" data-id=\"b141426\" data-element_type=\"widget\" data-widget_type=\"text-editor.default\">\n\t\t\t\t\t\t\t\t\t<strong><span style=\"color: white;\">Dynamicare<\/span><\/strong>\n<br><br>\n<span style=\"text-decoration: underline;\"><a href=\"https:\/\/www.dynamicare.be\/nl\/jobs\/\"><span style=\"color: white;\">Vacatures<\/span><\/a><br>\n<span style=\"text-decoration: underline;\"><a href=\"https:\/\/www.dynamicare.be\/nl\/privacy-beleid\/\"><span style=\"color: white;\">Privacybeleid<\/span><\/a>\n<\/span><\/span>\n\t\t\t\t\t\t\t\t<\/div>\n\t\t\t\t\t<\/div>\n\t\t<\/div>\n\t\t\t\t<div class=\"elementor-column elementor-col-25 elementor-inner-column elementor-element elementor-element-a6411c2 ot-flex-column-vertical\" data-id=\"a6411c2\" data-element_type=\"column\">\n\t\t\t<div class=\"elementor-widget-wrap\">\n\t\t\t\t\t\t\t<\/div>\n\t\t<\/div>\n\t\t\t\t<div class=\"elementor-column elementor-col-25 elementor-inner-column elementor-element elementor-element-93d8bb2 ot-flex-column-vertical\" data-id=\"93d8bb2\" data-element_type=\"column\">\n\t\t\t<div class=\"elementor-widget-wrap elementor-element-populated\">\n\t\t\t\t\t\t<div class=\"elementor-element elementor-element-680146b elementor-widget__width-initial elementor-widget elementor-widget-text-editor\" data-id=\"680146b\" data-element_type=\"widget\" data-widget_type=\"text-editor.default\">\n\t\t\t\t\t\t\t\t\t<p>Contacteer ons<\/p>\t\t\t\t\t\t\t\t<\/div>\n\t\t\t\t<div class=\"elementor-element elementor-element-f2e3628 elementor-shape-circle e-grid-align-left elementor-grid-0 elementor-widget elementor-widget-social-icons\" data-id=\"f2e3628\" data-element_type=\"widget\" data-widget_type=\"social-icons.default\">\n\t\t\t\t\t\t\t<div class=\"elementor-social-icons-wrapper elementor-grid\" role=\"list\">\n\t\t\t\t\t\t\t<span class=\"elementor-grid-item\" role=\"listitem\">\n\t\t\t\t\t<a class=\"elementor-icon elementor-social-icon elementor-social-icon-facebook elementor-repeater-item-8450f99\" href=\"https:\/\/www.facebook.com\/profile.php?id=61562489423311\" target=\"_blank\">\n\t\t\t\t\t\t<span class=\"elementor-screen-only\">Facebook<\/span>\n\t\t\t\t\t\t<svg aria-hidden=\"true\" class=\"e-font-icon-svg e-fab-facebook\" viewBox=\"0 0 512 512\" xmlns=\"http:\/\/www.w3.org\/2000\/svg\"><path d=\"M504 256C504 119 393 8 256 8S8 119 8 256c0 123.78 90.69 226.38 209.25 245V327.69h-63V256h63v-54.64c0-62.15 37-96.48 93.67-96.48 27.14 0 55.52 4.84 55.52 4.84v61h-31.28c-30.8 0-40.41 19.12-40.41 38.73V256h68.78l-11 71.69h-57.78V501C413.31 482.38 504 379.78 504 256z\"><\/path><\/svg>\t\t\t\t\t<\/a>\n\t\t\t\t<\/span>\n\t\t\t\t\t\t\t<span class=\"elementor-grid-item\" role=\"listitem\">\n\t\t\t\t\t<a class=\"elementor-icon elementor-social-icon elementor-social-icon-linkedin elementor-repeater-item-339453d\" href=\"https:\/\/www.linkedin.com\/company\/dynamicare-belgium\/\" target=\"_blank\">\n\t\t\t\t\t\t<span class=\"elementor-screen-only\">Linkedin<\/span>\n\t\t\t\t\t\t<svg aria-hidden=\"true\" class=\"e-font-icon-svg e-fab-linkedin\" viewBox=\"0 0 448 512\" xmlns=\"http:\/\/www.w3.org\/2000\/svg\"><path d=\"M416 32H31.9C14.3 32 0 46.5 0 64.3v383.4C0 465.5 14.3 480 31.9 480H416c17.6 0 32-14.5 32-32.3V64.3c0-17.8-14.4-32.3-32-32.3zM135.4 416H69V202.2h66.5V416zm-33.2-243c-21.3 0-38.5-17.3-38.5-38.5S80.9 96 102.2 96c21.2 0 38.5 17.3 38.5 38.5 0 21.3-17.2 38.5-38.5 38.5zm282.1 243h-66.4V312c0-24.8-.5-56.7-34.5-56.7-34.6 0-39.9 27-39.9 54.9V416h-66.4V202.2h63.7v29.2h.9c8.9-16.8 30.6-34.5 62.9-34.5 67.2 0 79.7 44.3 79.7 101.9V416z\"><\/path><\/svg>\t\t\t\t\t<\/a>\n\t\t\t\t<\/span>\n\t\t\t\t\t\t\t<span class=\"elementor-grid-item\" role=\"listitem\">\n\t\t\t\t\t<a class=\"elementor-icon elementor-social-icon elementor-social-icon-instagram elementor-repeater-item-46d4bed\" href=\"https:\/\/www.instagram.com\/dynami__care\/\" target=\"_blank\">\n\t\t\t\t\t\t<span class=\"elementor-screen-only\">Instagram<\/span>\n\t\t\t\t\t\t<svg aria-hidden=\"true\" class=\"e-font-icon-svg e-fab-instagram\" viewBox=\"0 0 448 512\" xmlns=\"http:\/\/www.w3.org\/2000\/svg\"><path d=\"M224.1 141c-63.6 0-114.9 51.3-114.9 114.9s51.3 114.9 114.9 114.9S339 319.5 339 255.9 287.7 141 224.1 141zm0 189.6c-41.1 0-74.7-33.5-74.7-74.7s33.5-74.7 74.7-74.7 74.7 33.5 74.7 74.7-33.6 74.7-74.7 74.7zm146.4-194.3c0 14.9-12 26.8-26.8 26.8-14.9 0-26.8-12-26.8-26.8s12-26.8 26.8-26.8 26.8 12 26.8 26.8zm76.1 27.2c-1.7-35.9-9.9-67.7-36.2-93.9-26.2-26.2-58-34.4-93.9-36.2-37-2.1-147.9-2.1-184.9 0-35.8 1.7-67.6 9.9-93.9 36.1s-34.4 58-36.2 93.9c-2.1 37-2.1 147.9 0 184.9 1.7 35.9 9.9 67.7 36.2 93.9s58 34.4 93.9 36.2c37 2.1 147.9 2.1 184.9 0 35.9-1.7 67.7-9.9 93.9-36.2 26.2-26.2 34.4-58 36.2-93.9 2.1-37 2.1-147.8 0-184.8zM398.8 388c-7.8 19.6-22.9 34.7-42.6 42.6-29.5 11.7-99.5 9-132.1 9s-102.7 2.6-132.1-9c-19.6-7.8-34.7-22.9-42.6-42.6-11.7-29.5-9-99.5-9-132.1s-2.6-102.7 9-132.1c7.8-19.6 22.9-34.7 42.6-42.6 29.5-11.7 99.5-9 132.1-9s102.7-2.6 132.1 9c19.6 7.8 34.7 22.9 42.6 42.6 11.7 29.5 9 99.5 9 132.1s2.7 102.7-9 132.1z\"><\/path><\/svg>\t\t\t\t\t<\/a>\n\t\t\t\t<\/span>\n\t\t\t\t\t<\/div>\n\t\t\t\t\t\t<\/div>\n\t\t\t\t<div class=\"elementor-element elementor-element-91298c7 elementor-widget elementor-widget-google_maps\" data-id=\"91298c7\" data-element_type=\"widget\" data-widget_type=\"google_maps.default\">\n\t\t\t\t\t\t\t<div class=\"elementor-custom-embed\">\n\t\t\t<iframe loading=\"lazy\"\n\t\t\t\t\tsrc=\"https:\/\/maps.google.com\/maps?q=dynamicare&#038;t=m&#038;z=10&#038;output=embed&#038;iwloc=near\"\n\t\t\t\t\ttitle=\"dynamicare\"\n\t\t\t\t\taria-label=\"dynamicare\"\n\t\t\t><\/iframe>\n\t\t<\/div>\n\t\t\t\t\t\t<\/div>\n\t\t\t\t\t<\/div>\n\t\t<\/div>\n\t\t\t\t\t<\/div>\n\t\t<\/section>\n\t\t\t\t\t<\/div>\n\t\t<\/div>\n\t\t\t\t\t<\/div>\n\t\t<\/section>\n\t\t\t\t<\/div>\n\t\t","protected":false},"excerpt":{"rendered":"<p>contact@dynamicare.be +32 4 283 30 86 Grand-route 154 A 4367 Crisn\u00e9e Laten we afspreken! Een vraag? Een project? Ontmoet ons tijdens onze evenementen! Meer weten Dynamicare is een innovatief platform voor het vereenvoudigd beheren van opdrachten voor professionals in de gezondheidszorg. Door beheer en facturatie te centraliseren, stelt Dynamicare zorgverleners in staat zich volledig te [&hellip;]<\/p>\n","protected":false},"author":1,"featured_media":0,"parent":0,"menu_order":0,"comment_status":"closed","ping_status":"closed","template":"elementor_header_footer","meta":{"footnotes":""},"class_list":["post-155","page","type-page","status-publish","hentry"],"_links":{"self":[{"href":"https:\/\/www.dynamicare.be\/nl\/wp-json\/wp\/v2\/pages\/155","targetHints":{"allow":["GET"]}}],"collection":[{"href":"https:\/\/www.dynamicare.be\/nl\/wp-json\/wp\/v2\/pages"}],"about":[{"href":"https:\/\/www.dynamicare.be\/nl\/wp-json\/wp\/v2\/types\/page"}],"author":[{"embeddable":true,"href":"https:\/\/www.dynamicare.be\/nl\/wp-json\/wp\/v2\/users\/1"}],"replies":[{"embeddable":true,"href":"https:\/\/www.dynamicare.be\/nl\/wp-json\/wp\/v2\/comments?post=155"}],"version-history":[{"count":49,"href":"https:\/\/www.dynamicare.be\/nl\/wp-json\/wp\/v2\/pages\/155\/revisions"}],"predecessor-version":[{"id":781,"href":"https:\/\/www.dynamicare.be\/nl\/wp-json\/wp\/v2\/pages\/155\/revisions\/781"}],"wp:attachment":[{"href":"https:\/\/www.dynamicare.be\/nl\/wp-json\/wp\/v2\/media?parent=155"}],"curies":[{"name":"wp","href":"https:\/\/api.w.org\/{rel}","templated":true}]}}